{"id":2012,"date":"2026-03-10T09:30:11","date_gmt":"2026-03-10T09:30:11","guid":{"rendered":"https:\/\/yuvayayinlari.com\/web\/?post_type=product&#038;p=2012"},"modified":"2026-03-10T09:33:13","modified_gmt":"2026-03-10T09:33:13","slug":"artik-okuyorum-1-sinif-10lu-set","status":"publish","type":"product","link":"https:\/\/yuvayayinlari.com\/web\/?product=artik-okuyorum-1-sinif-10lu-set","title":{"rendered":"Art\u0131k Okuyorum 1.S\u0131n\u0131f 10&#8217;lu Set"},"content":{"rendered":"","protected":false},"excerpt":{"rendered":"[dflip id=\"2008\" type=\"thumb\"][\/dflip]\n","protected":false},"featured_media":2011,"template":"","meta":[],"product_brand":[],"product_cat":[55],"product_tag":[],"class_list":{"0":"post-2012","1":"product","2":"type-product","3":"status-publish","4":"has-post-thumbnail","6":"product_cat-1-sinif","8":"first","9":"instock","10":"shipping-taxable","11":"purchasable","12":"product-type-simple"},"_links":{"self":[{"href":"https:\/\/yuvayayinlari.com\/web\/index.php?rest_route=\/wp\/v2\/product\/2012","targetHints":{"allow":["GET"]}}],"collection":[{"href":"https:\/\/yuvayayinlari.com\/web\/index.php?rest_route=\/wp\/v2\/product"}],"about":[{"href":"https:\/\/yuvayayinlari.com\/web\/index.php?rest_route=\/wp\/v2\/types\/product"}],"wp:featuredmedia":[{"embeddable":true,"href":"https:\/\/yuvayayinlari.com\/web\/index.php?rest_route=\/wp\/v2\/media\/2011"}],"wp:attachment":[{"href":"https:\/\/yuvayayinlari.com\/web\/index.php?rest_route=%2Fwp%2Fv2%2Fmedia&parent=2012"}],"wp:term":[{"taxonomy":"product_brand","embeddable":true,"href":"https:\/\/yuvayayinlari.com\/web\/index.php?rest_route=%2Fwp%2Fv2%2Fproduct_brand&post=2012"},{"taxonomy":"product_cat","embeddable":true,"href":"https:\/\/yuvayayinlari.com\/web\/index.php?rest_route=%2Fwp%2Fv2%2Fproduct_cat&post=2012"},{"taxonomy":"product_tag","embeddable":true,"href":"https:\/\/yuvayayinlari.com\/web\/index.php?rest_route=%2Fwp%2Fv2%2Fproduct_tag&post=2012"}],"curies":[{"name":"wp","href":"https:\/\/api.w.org\/{rel}","templated":true}]}}