{"id":1899,"date":"2025-09-29T12:41:29","date_gmt":"2025-09-29T12:41:29","guid":{"rendered":"https:\/\/yuvayayinlari.com\/web\/?post_type=product&#038;p=1899"},"modified":"2025-09-29T12:41:29","modified_gmt":"2025-09-29T12:41:29","slug":"sevimli-hayvan-dostlarimiz-okul-oncesi-hikayeler-buyuk-boy","status":"publish","type":"product","link":"https:\/\/yuvayayinlari.com\/web\/?product=sevimli-hayvan-dostlarimiz-okul-oncesi-hikayeler-buyuk-boy","title":{"rendered":"Sevimli Hayvan Dostlar\u0131m\u0131z Okul \u00d6ncesi Hikayeler B\u00fcy\u00fck Boy"},"content":{"rendered":"<p>Sevimli Hayvan Dostlar\u0131m\u0131z Okul \u00d6ncesi Hikayeler B\u00fcy\u00fck Boy &#8211; 10 kitap set<\/p>\n","protected":false},"excerpt":{"rendered":"<p>Sevimli Hayvan Dostlar\u0131m\u0131z Okul \u00d6ncesi Hikayeler B\u00fcy\u00fck Boy &#8211; 10 kitap set<\/p>\n","protected":false},"featured_media":1900,"template":"","meta":[],"product_brand":[],"product_cat":[142],"product_tag":[],"class_list":{"0":"post-1899","1":"product","2":"type-product","3":"status-publish","4":"has-post-thumbnail","6":"product_cat-hikayeler","8":"first","9":"instock","10":"shipping-taxable","11":"purchasable","12":"product-type-simple"},"_links":{"self":[{"href":"https:\/\/yuvayayinlari.com\/web\/index.php?rest_route=\/wp\/v2\/product\/1899","targetHints":{"allow":["GET"]}}],"collection":[{"href":"https:\/\/yuvayayinlari.com\/web\/index.php?rest_route=\/wp\/v2\/product"}],"about":[{"href":"https:\/\/yuvayayinlari.com\/web\/index.php?rest_route=\/wp\/v2\/types\/product"}],"wp:featuredmedia":[{"embeddable":true,"href":"https:\/\/yuvayayinlari.com\/web\/index.php?rest_route=\/wp\/v2\/media\/1900"}],"wp:attachment":[{"href":"https:\/\/yuvayayinlari.com\/web\/index.php?rest_route=%2Fwp%2Fv2%2Fmedia&parent=1899"}],"wp:term":[{"taxonomy":"product_brand","embeddable":true,"href":"https:\/\/yuvayayinlari.com\/web\/index.php?rest_route=%2Fwp%2Fv2%2Fproduct_brand&post=1899"},{"taxonomy":"product_cat","embeddable":true,"href":"https:\/\/yuvayayinlari.com\/web\/index.php?rest_route=%2Fwp%2Fv2%2Fproduct_cat&post=1899"},{"taxonomy":"product_tag","embeddable":true,"href":"https:\/\/yuvayayinlari.com\/web\/index.php?rest_route=%2Fwp%2Fv2%2Fproduct_tag&post=1899"}],"curies":[{"name":"wp","href":"https:\/\/api.w.org\/{rel}","templated":true}]}}