{"id":1852,"date":"2025-01-15T13:41:47","date_gmt":"2025-01-15T13:41:47","guid":{"rendered":"https:\/\/yuvayayinlari.com\/web\/?post_type=product&#038;p=1852"},"modified":"2026-03-26T12:02:42","modified_gmt":"2026-03-26T12:02:42","slug":"kaplumbaga-kipirin-maceralari-1-sinif-10-kitap-duz-yazi","status":"publish","type":"product","link":"https:\/\/yuvayayinlari.com\/web\/?product=kaplumbaga-kipirin-maceralari-1-sinif-10-kitap-duz-yazi","title":{"rendered":"Kaplumba\u011fa K\u0131p\u0131r&#8217;\u0131n Maceralar\u0131 1.S\u0131n\u0131f 10 Kitap (D\u00fcz Yaz\u0131)"},"content":{"rendered":"","protected":false},"excerpt":{"rendered":"[dflip id=\"1983\" type=\"thumb\"][\/dflip]\n","protected":false},"featured_media":1844,"template":"","meta":[],"product_brand":[],"product_cat":[15,55],"product_tag":[],"class_list":{"0":"post-1852","1":"product","2":"type-product","3":"status-publish","4":"has-post-thumbnail","6":"product_cat-genel","7":"product_cat-1-sinif","9":"first","10":"instock","11":"shipping-taxable","12":"purchasable","13":"product-type-simple"},"_links":{"self":[{"href":"https:\/\/yuvayayinlari.com\/web\/index.php?rest_route=\/wp\/v2\/product\/1852","targetHints":{"allow":["GET"]}}],"collection":[{"href":"https:\/\/yuvayayinlari.com\/web\/index.php?rest_route=\/wp\/v2\/product"}],"about":[{"href":"https:\/\/yuvayayinlari.com\/web\/index.php?rest_route=\/wp\/v2\/types\/product"}],"wp:featuredmedia":[{"embeddable":true,"href":"https:\/\/yuvayayinlari.com\/web\/index.php?rest_route=\/wp\/v2\/media\/1844"}],"wp:attachment":[{"href":"https:\/\/yuvayayinlari.com\/web\/index.php?rest_route=%2Fwp%2Fv2%2Fmedia&parent=1852"}],"wp:term":[{"taxonomy":"product_brand","embeddable":true,"href":"https:\/\/yuvayayinlari.com\/web\/index.php?rest_route=%2Fwp%2Fv2%2Fproduct_brand&post=1852"},{"taxonomy":"product_cat","embeddable":true,"href":"https:\/\/yuvayayinlari.com\/web\/index.php?rest_route=%2Fwp%2Fv2%2Fproduct_cat&post=1852"},{"taxonomy":"product_tag","embeddable":true,"href":"https:\/\/yuvayayinlari.com\/web\/index.php?rest_route=%2Fwp%2Fv2%2Fproduct_tag&post=1852"}],"curies":[{"name":"wp","href":"https:\/\/api.w.org\/{rel}","templated":true}]}}