{"id":1765,"date":"2023-07-27T13:38:49","date_gmt":"2023-07-27T13:38:49","guid":{"rendered":"https:\/\/yuvayayinlari.com\/web\/?post_type=product&#038;p=1765"},"modified":"2026-03-09T14:22:41","modified_gmt":"2026-03-09T14:22:41","slug":"mevlana-mesneviden-oykuler-1-sinif-10-kitap","status":"publish","type":"product","link":"https:\/\/yuvayayinlari.com\/web\/?product=mevlana-mesneviden-oykuler-1-sinif-10-kitap","title":{"rendered":"Mevlana Mesnevi&#8217;den \u00d6yk\u00fcler 1.S\u0131n\u0131f 10 Kitap"},"content":{"rendered":"<p>Her Kitap Bir \u00d6\u011f\u00fct<br \/>\n10 Kitap set + Soru Kitap\u00e7\u0131\u011f\u0131<\/p>\n","protected":false},"excerpt":{"rendered":"[dflip id=\"1959\" type=\"thumb\"][\/dflip]\n","protected":false},"featured_media":1766,"template":"","meta":[],"product_brand":[],"product_cat":[55],"product_tag":[],"class_list":{"0":"post-1765","1":"product","2":"type-product","3":"status-publish","4":"has-post-thumbnail","6":"product_cat-1-sinif","8":"first","9":"instock","10":"shipping-taxable","11":"purchasable","12":"product-type-simple"},"_links":{"self":[{"href":"https:\/\/yuvayayinlari.com\/web\/index.php?rest_route=\/wp\/v2\/product\/1765","targetHints":{"allow":["GET"]}}],"collection":[{"href":"https:\/\/yuvayayinlari.com\/web\/index.php?rest_route=\/wp\/v2\/product"}],"about":[{"href":"https:\/\/yuvayayinlari.com\/web\/index.php?rest_route=\/wp\/v2\/types\/product"}],"wp:featuredmedia":[{"embeddable":true,"href":"https:\/\/yuvayayinlari.com\/web\/index.php?rest_route=\/wp\/v2\/media\/1766"}],"wp:attachment":[{"href":"https:\/\/yuvayayinlari.com\/web\/index.php?rest_route=%2Fwp%2Fv2%2Fmedia&parent=1765"}],"wp:term":[{"taxonomy":"product_brand","embeddable":true,"href":"https:\/\/yuvayayinlari.com\/web\/index.php?rest_route=%2Fwp%2Fv2%2Fproduct_brand&post=1765"},{"taxonomy":"product_cat","embeddable":true,"href":"https:\/\/yuvayayinlari.com\/web\/index.php?rest_route=%2Fwp%2Fv2%2Fproduct_cat&post=1765"},{"taxonomy":"product_tag","embeddable":true,"href":"https:\/\/yuvayayinlari.com\/web\/index.php?rest_route=%2Fwp%2Fv2%2Fproduct_tag&post=1765"}],"curies":[{"name":"wp","href":"https:\/\/api.w.org\/{rel}","templated":true}]}}