{"id":1759,"date":"2023-06-23T11:50:29","date_gmt":"2023-06-23T11:50:29","guid":{"rendered":"https:\/\/yuvayayinlari.com\/web\/?post_type=product&#038;p=1759"},"modified":"2024-07-03T14:23:47","modified_gmt":"2024-07-03T14:23:47","slug":"gecmisten-gunumuze-destanlar-10-kitap","status":"publish","type":"product","link":"https:\/\/yuvayayinlari.com\/web\/?product=gecmisten-gunumuze-destanlar-10-kitap","title":{"rendered":"Ge\u00e7mi\u015ften G\u00fcn\u00fcm\u00fcze Destanlar 10 Kitap"},"content":{"rendered":"<p>her kitap 64 sayfa 10 kitapl\u0131k set + Soru kitap\u00e7\u0131\u011f\u0131<\/p>\n","protected":false},"excerpt":{"rendered":"<p>her kitap 64 sayfa 10 kitapl\u0131k set + Soru kitap\u00e7\u0131\u011f\u0131<\/p>\n","protected":false},"featured_media":1761,"template":"","meta":[],"product_brand":[],"product_cat":[15,74],"product_tag":[],"class_list":{"0":"post-1759","1":"product","2":"type-product","3":"status-publish","4":"has-post-thumbnail","6":"product_cat-genel","7":"product_cat-4-sinif","9":"first","10":"instock","11":"shipping-taxable","12":"purchasable","13":"product-type-simple"},"_links":{"self":[{"href":"https:\/\/yuvayayinlari.com\/web\/index.php?rest_route=\/wp\/v2\/product\/1759","targetHints":{"allow":["GET"]}}],"collection":[{"href":"https:\/\/yuvayayinlari.com\/web\/index.php?rest_route=\/wp\/v2\/product"}],"about":[{"href":"https:\/\/yuvayayinlari.com\/web\/index.php?rest_route=\/wp\/v2\/types\/product"}],"wp:featuredmedia":[{"embeddable":true,"href":"https:\/\/yuvayayinlari.com\/web\/index.php?rest_route=\/wp\/v2\/media\/1761"}],"wp:attachment":[{"href":"https:\/\/yuvayayinlari.com\/web\/index.php?rest_route=%2Fwp%2Fv2%2Fmedia&parent=1759"}],"wp:term":[{"taxonomy":"product_brand","embeddable":true,"href":"https:\/\/yuvayayinlari.com\/web\/index.php?rest_route=%2Fwp%2Fv2%2Fproduct_brand&post=1759"},{"taxonomy":"product_cat","embeddable":true,"href":"https:\/\/yuvayayinlari.com\/web\/index.php?rest_route=%2Fwp%2Fv2%2Fproduct_cat&post=1759"},{"taxonomy":"product_tag","embeddable":true,"href":"https:\/\/yuvayayinlari.com\/web\/index.php?rest_route=%2Fwp%2Fv2%2Fproduct_tag&post=1759"}],"curies":[{"name":"wp","href":"https:\/\/api.w.org\/{rel}","templated":true}]}}