{"id":1386,"date":"2021-12-18T08:28:58","date_gmt":"2021-12-18T08:28:58","guid":{"rendered":"https:\/\/yuvayayinlari.com\/web\/?post_type=product&#038;p=1386"},"modified":"2026-03-26T12:02:42","modified_gmt":"2026-03-26T12:02:42","slug":"yazim-klavuzu","status":"publish","type":"product","link":"https:\/\/yuvayayinlari.com\/web\/?product=yazim-klavuzu","title":{"rendered":"Yaz\u0131m Klavuzu"},"content":{"rendered":"<p>T\u00fcrk\u00e7e, zaman i\u00e7erisinde ses ve \u015fekil bak\u0131m\u0131ndan kendisine has baz\u0131 \u00f6zellikler kazanm\u0131\u015ft\u0131r. Bu \u00f6zellikler, s\u00f6zc\u00fcklerin do\u011fru yaz\u0131m\u0131na dair bize yol g\u00f6sterir, k\u0131lavuzluk yapar. Elinizdeki kaynak, T\u00fcrk\u00e7ede var olan s\u00f6zc\u00fcklerin do\u011fru kullan\u0131m\u0131n\u0131 sa\u011flamak i\u00e7in haz\u0131rlanm\u0131\u015ft\u0131r.<\/p>\n","protected":false},"excerpt":{"rendered":"<p>T\u00fcrk\u00e7e, zaman i\u00e7erisinde ses ve \u015fekil bak\u0131m\u0131ndan kendisine has baz\u0131 \u00f6zellikler kazanm\u0131\u015ft\u0131r. Bu \u00f6zellikler, s\u00f6zc\u00fcklerin do\u011fru yaz\u0131m\u0131na dair bize yol g\u00f6sterir, k\u0131lavuzluk yapar. Elinizdeki kaynak, T\u00fcrk\u00e7ede var olan s\u00f6zc\u00fcklerin do\u011fru kullan\u0131m\u0131n\u0131 sa\u011flamak i\u00e7in haz\u0131rlanm\u0131\u015ft\u0131r.<\/p>\n","protected":false},"featured_media":1517,"template":"","meta":[],"product_brand":[],"product_cat":[138],"product_tag":[93,63,100],"class_list":{"0":"post-1386","1":"product","2":"type-product","3":"status-publish","4":"has-post-thumbnail","6":"product_cat-sozlukler","7":"product_tag-okula-yardimci","8":"product_tag-okuma","9":"product_tag-yazim","11":"first","12":"instock","13":"shipping-taxable","14":"purchasable","15":"product-type-simple"},"_links":{"self":[{"href":"https:\/\/yuvayayinlari.com\/web\/index.php?rest_route=\/wp\/v2\/product\/1386","targetHints":{"allow":["GET"]}}],"collection":[{"href":"https:\/\/yuvayayinlari.com\/web\/index.php?rest_route=\/wp\/v2\/product"}],"about":[{"href":"https:\/\/yuvayayinlari.com\/web\/index.php?rest_route=\/wp\/v2\/types\/product"}],"wp:featuredmedia":[{"embeddable":true,"href":"https:\/\/yuvayayinlari.com\/web\/index.php?rest_route=\/wp\/v2\/media\/1517"}],"wp:attachment":[{"href":"https:\/\/yuvayayinlari.com\/web\/index.php?rest_route=%2Fwp%2Fv2%2Fmedia&parent=1386"}],"wp:term":[{"taxonomy":"product_brand","embeddable":true,"href":"https:\/\/yuvayayinlari.com\/web\/index.php?rest_route=%2Fwp%2Fv2%2Fproduct_brand&post=1386"},{"taxonomy":"product_cat","embeddable":true,"href":"https:\/\/yuvayayinlari.com\/web\/index.php?rest_route=%2Fwp%2Fv2%2Fproduct_cat&post=1386"},{"taxonomy":"product_tag","embeddable":true,"href":"https:\/\/yuvayayinlari.com\/web\/index.php?rest_route=%2Fwp%2Fv2%2Fproduct_tag&post=1386"}],"curies":[{"name":"wp","href":"https:\/\/api.w.org\/{rel}","templated":true}]}}