{"id":1385,"date":"2021-12-18T08:27:42","date_gmt":"2021-12-18T08:27:42","guid":{"rendered":"https:\/\/yuvayayinlari.com\/web\/?post_type=product&#038;p=1385"},"modified":"2023-12-30T10:34:26","modified_gmt":"2023-12-30T10:34:26","slug":"orneklerle-kompozisyon-sanati","status":"publish","type":"product","link":"https:\/\/yuvayayinlari.com\/web\/?product=orneklerle-kompozisyon-sanati","title":{"rendered":"\u00d6rneklerle Kompozisyon Sanat\u0131"},"content":{"rendered":"<p>D\u00fczenli Yazma ve Konu\u015fma Sanat\u0131<\/p>\n","protected":false},"excerpt":{"rendered":"<p>D\u00fczenli Yazma ve Konu\u015fma Sanat\u0131<\/p>\n","protected":false},"featured_media":1521,"template":"","meta":[],"product_brand":[],"product_cat":[138],"product_tag":[98,93,99],"class_list":{"0":"post-1385","1":"product","2":"type-product","3":"status-publish","4":"has-post-thumbnail","6":"product_cat-sozlukler","7":"product_tag-kompozisyon","8":"product_tag-okula-yardimci","9":"product_tag-ornek","11":"first","12":"instock","13":"shipping-taxable","14":"purchasable","15":"product-type-simple"},"_links":{"self":[{"href":"https:\/\/yuvayayinlari.com\/web\/index.php?rest_route=\/wp\/v2\/product\/1385","targetHints":{"allow":["GET"]}}],"collection":[{"href":"https:\/\/yuvayayinlari.com\/web\/index.php?rest_route=\/wp\/v2\/product"}],"about":[{"href":"https:\/\/yuvayayinlari.com\/web\/index.php?rest_route=\/wp\/v2\/types\/product"}],"wp:featuredmedia":[{"embeddable":true,"href":"https:\/\/yuvayayinlari.com\/web\/index.php?rest_route=\/wp\/v2\/media\/1521"}],"wp:attachment":[{"href":"https:\/\/yuvayayinlari.com\/web\/index.php?rest_route=%2Fwp%2Fv2%2Fmedia&parent=1385"}],"wp:term":[{"taxonomy":"product_brand","embeddable":true,"href":"https:\/\/yuvayayinlari.com\/web\/index.php?rest_route=%2Fwp%2Fv2%2Fproduct_brand&post=1385"},{"taxonomy":"product_cat","embeddable":true,"href":"https:\/\/yuvayayinlari.com\/web\/index.php?rest_route=%2Fwp%2Fv2%2Fproduct_cat&post=1385"},{"taxonomy":"product_tag","embeddable":true,"href":"https:\/\/yuvayayinlari.com\/web\/index.php?rest_route=%2Fwp%2Fv2%2Fproduct_tag&post=1385"}],"curies":[{"name":"wp","href":"https:\/\/api.w.org\/{rel}","templated":true}]}}