{"id":1383,"date":"2021-12-18T08:25:36","date_gmt":"2021-12-18T08:25:36","guid":{"rendered":"https:\/\/yuvayayinlari.com\/web\/?post_type=product&#038;p=1383"},"modified":"2023-12-30T10:34:56","modified_gmt":"2023-12-30T10:34:56","slug":"arapca-cep-sozlugu","status":"publish","type":"product","link":"https:\/\/yuvayayinlari.com\/web\/?product=arapca-cep-sozlugu","title":{"rendered":"Arap\u00e7a Cep S\u00f6zl\u00fc\u011f\u00fc"},"content":{"rendered":"<p>Arap\u00e7a Cep S\u00f6zl\u00fc\u011f\u00fc<\/p>\n","protected":false},"excerpt":{"rendered":"<p>Arap\u00e7a Cep S\u00f6zl\u00fc\u011f\u00fc<\/p>\n","protected":false},"featured_media":1524,"template":"","meta":[],"product_brand":[],"product_cat":[138],"product_tag":[96,97,92],"class_list":{"0":"post-1383","1":"product","2":"type-product","3":"status-publish","4":"has-post-thumbnail","6":"product_cat-sozlukler","7":"product_tag-arapca","8":"product_tag-cep","9":"product_tag-sozluk","11":"first","12":"instock","13":"shipping-taxable","14":"purchasable","15":"product-type-simple"},"_links":{"self":[{"href":"https:\/\/yuvayayinlari.com\/web\/index.php?rest_route=\/wp\/v2\/product\/1383","targetHints":{"allow":["GET"]}}],"collection":[{"href":"https:\/\/yuvayayinlari.com\/web\/index.php?rest_route=\/wp\/v2\/product"}],"about":[{"href":"https:\/\/yuvayayinlari.com\/web\/index.php?rest_route=\/wp\/v2\/types\/product"}],"wp:featuredmedia":[{"embeddable":true,"href":"https:\/\/yuvayayinlari.com\/web\/index.php?rest_route=\/wp\/v2\/media\/1524"}],"wp:attachment":[{"href":"https:\/\/yuvayayinlari.com\/web\/index.php?rest_route=%2Fwp%2Fv2%2Fmedia&parent=1383"}],"wp:term":[{"taxonomy":"product_brand","embeddable":true,"href":"https:\/\/yuvayayinlari.com\/web\/index.php?rest_route=%2Fwp%2Fv2%2Fproduct_brand&post=1383"},{"taxonomy":"product_cat","embeddable":true,"href":"https:\/\/yuvayayinlari.com\/web\/index.php?rest_route=%2Fwp%2Fv2%2Fproduct_cat&post=1383"},{"taxonomy":"product_tag","embeddable":true,"href":"https:\/\/yuvayayinlari.com\/web\/index.php?rest_route=%2Fwp%2Fv2%2Fproduct_tag&post=1383"}],"curies":[{"name":"wp","href":"https:\/\/api.w.org\/{rel}","templated":true}]}}