{"id":1377,"date":"2021-12-17T23:56:42","date_gmt":"2021-12-17T23:56:42","guid":{"rendered":"https:\/\/yuvayayinlari.com\/web\/?post_type=product&#038;p=1377"},"modified":"2026-03-26T12:02:42","modified_gmt":"2026-03-26T12:02:42","slug":"resimli-atasozleri-ve-deyimler-sozlugu","status":"publish","type":"product","link":"https:\/\/yuvayayinlari.com\/web\/?product=resimli-atasozleri-ve-deyimler-sozlugu","title":{"rendered":"Resimli Atas\u00f6zleri ve Deyimler S\u00f6zl\u00fc\u011f\u00fc"},"content":{"rendered":"<p>ATAS\u00d6ZLER\u0130 geleneklere ve tecr\u00fcbelere dayan\u0131r. Toplumun aynas\u0131d\u0131r. E\u011fitici ve \u00f6\u011fretici bu kaynaklar, ge\u00e7mi\u015ften gelece\u011fe \u0131\u015f\u0131k tutar.<br \/>\nDEY\u0130MLER kal\u0131pla\u015fm\u0131\u015f s\u00f6zlerdir. Genellikle bir efsanesi ya da \u00f6yk\u00fcs\u00fc vard\u0131r. K\u0131sa ve \u00f6zl\u00fc ifadeler ta\u015f\u0131r. Kavramlar \u00fczerinden d\u00fc\u015f\u00fcnme y\u00f6ntemini geli\u015ftirir.<\/p>\n","protected":false},"excerpt":{"rendered":"<p>ATAS\u00d6ZLER\u0130 geleneklere ve tecr\u00fcbelere dayan\u0131r. Toplumun aynas\u0131d\u0131r. E\u011fitici ve \u00f6\u011fretici bu kaynaklar, ge\u00e7mi\u015ften gelece\u011fe \u0131\u015f\u0131k tutar. DEY\u0130MLER kal\u0131pla\u015fm\u0131\u015f s\u00f6zlerdir. Genellikle bir efsanesi ya da \u00f6yk\u00fcs\u00fc vard\u0131r. K\u0131sa ve \u00f6zl\u00fc ifadeler ta\u015f\u0131r. Kavramlar \u00fczerinden d\u00fc\u015f\u00fcnme y\u00f6ntemini geli\u015ftirir.<\/p>\n","protected":false},"featured_media":1721,"template":"","meta":[],"product_brand":[],"product_cat":[138],"product_tag":[83,82,92],"class_list":{"0":"post-1377","1":"product","2":"type-product","3":"status-publish","4":"has-post-thumbnail","6":"product_cat-sozlukler","7":"product_tag-atasozu","8":"product_tag-deyimler","9":"product_tag-sozluk","11":"first","12":"instock","13":"shipping-taxable","14":"purchasable","15":"product-type-simple"},"_links":{"self":[{"href":"https:\/\/yuvayayinlari.com\/web\/index.php?rest_route=\/wp\/v2\/product\/1377","targetHints":{"allow":["GET"]}}],"collection":[{"href":"https:\/\/yuvayayinlari.com\/web\/index.php?rest_route=\/wp\/v2\/product"}],"about":[{"href":"https:\/\/yuvayayinlari.com\/web\/index.php?rest_route=\/wp\/v2\/types\/product"}],"wp:featuredmedia":[{"embeddable":true,"href":"https:\/\/yuvayayinlari.com\/web\/index.php?rest_route=\/wp\/v2\/media\/1721"}],"wp:attachment":[{"href":"https:\/\/yuvayayinlari.com\/web\/index.php?rest_route=%2Fwp%2Fv2%2Fmedia&parent=1377"}],"wp:term":[{"taxonomy":"product_brand","embeddable":true,"href":"https:\/\/yuvayayinlari.com\/web\/index.php?rest_route=%2Fwp%2Fv2%2Fproduct_brand&post=1377"},{"taxonomy":"product_cat","embeddable":true,"href":"https:\/\/yuvayayinlari.com\/web\/index.php?rest_route=%2Fwp%2Fv2%2Fproduct_cat&post=1377"},{"taxonomy":"product_tag","embeddable":true,"href":"https:\/\/yuvayayinlari.com\/web\/index.php?rest_route=%2Fwp%2Fv2%2Fproduct_tag&post=1377"}],"curies":[{"name":"wp","href":"https:\/\/api.w.org\/{rel}","templated":true}]}}