{"id":1359,"date":"2021-12-17T23:49:45","date_gmt":"2021-12-17T23:49:45","guid":{"rendered":"https:\/\/yuvayayinlari.com\/web\/?post_type=product&#038;p=1359"},"modified":"2025-01-15T12:59:36","modified_gmt":"2025-01-15T12:59:36","slug":"eglenceli-200-etkinlik-coz-bakalim","status":"publish","type":"product","link":"https:\/\/yuvayayinlari.com\/web\/?product=eglenceli-200-etkinlik-coz-bakalim","title":{"rendered":"\u00c7\u00f6z Bakal\u0131m 200 Etkinlik E\u011flence"},"content":{"rendered":"<p>E\u011flenceli 200 Etkinlik \u00c7\u00f6z Bakal\u0131m<\/p>\n","protected":false},"excerpt":{"rendered":"<p>E\u011flenceli 200 Etkinlik \u00c7\u00f6z Bakal\u0131m<\/p>\n","protected":false},"featured_media":1715,"template":"","meta":[],"product_brand":[],"product_cat":[76],"product_tag":[91,86],"class_list":{"0":"post-1359","1":"product","2":"type-product","3":"status-publish","4":"has-post-thumbnail","6":"product_cat-etkinlikler","7":"product_tag-eglence","8":"product_tag-etkinlik","10":"first","11":"instock","12":"shipping-taxable","13":"purchasable","14":"product-type-simple"},"_links":{"self":[{"href":"https:\/\/yuvayayinlari.com\/web\/index.php?rest_route=\/wp\/v2\/product\/1359","targetHints":{"allow":["GET"]}}],"collection":[{"href":"https:\/\/yuvayayinlari.com\/web\/index.php?rest_route=\/wp\/v2\/product"}],"about":[{"href":"https:\/\/yuvayayinlari.com\/web\/index.php?rest_route=\/wp\/v2\/types\/product"}],"wp:featuredmedia":[{"embeddable":true,"href":"https:\/\/yuvayayinlari.com\/web\/index.php?rest_route=\/wp\/v2\/media\/1715"}],"wp:attachment":[{"href":"https:\/\/yuvayayinlari.com\/web\/index.php?rest_route=%2Fwp%2Fv2%2Fmedia&parent=1359"}],"wp:term":[{"taxonomy":"product_brand","embeddable":true,"href":"https:\/\/yuvayayinlari.com\/web\/index.php?rest_route=%2Fwp%2Fv2%2Fproduct_brand&post=1359"},{"taxonomy":"product_cat","embeddable":true,"href":"https:\/\/yuvayayinlari.com\/web\/index.php?rest_route=%2Fwp%2Fv2%2Fproduct_cat&post=1359"},{"taxonomy":"product_tag","embeddable":true,"href":"https:\/\/yuvayayinlari.com\/web\/index.php?rest_route=%2Fwp%2Fv2%2Fproduct_tag&post=1359"}],"curies":[{"name":"wp","href":"https:\/\/api.w.org\/{rel}","templated":true}]}}