{"id":1324,"date":"2021-12-17T22:17:54","date_gmt":"2021-12-17T22:17:54","guid":{"rendered":"https:\/\/yuvayayinlari.com\/web\/?post_type=product&#038;p=1324"},"modified":"2025-01-15T13:04:05","modified_gmt":"2025-01-15T13:04:05","slug":"oykulerle-dusunduren-deyimler","status":"publish","type":"product","link":"https:\/\/yuvayayinlari.com\/web\/?product=oykulerle-dusunduren-deyimler","title":{"rendered":"\u00d6yk\u00fclerle D\u00fc\u015f\u00fcnd\u00fcren Deyimler"},"content":{"rendered":"<p>Ge\u00e7enlerde \u201cyer yar\u0131l\u0131p da i\u00e7ine girmek\u201d diye bir \u015fey duydum. D\u00fc\u015f\u00fcnd\u00fcm, d\u00fc\u015f\u00fcnd\u00fcm; sahiden de yer durduk yere yar\u0131l\u0131r m\u0131yd\u0131? Bir de \u201cba\u015f\u0131na \u00e7orap \u00f6rmek\u201d dediler; iyi de benim bildi\u011fim ba\u015fa \u015fapka tak\u0131l\u0131r, \u00e7orab\u0131n ba\u015fta i\u015fi ne? Ha tabii \u201cta\u015f\u0131 s\u0131ksa suyunu \u00e7\u0131karmak\u201d laf\u0131na da g\u00fclmeden edemeyece\u011fim. Ge\u00e7en g\u00fcn denedim, denedim; \u0131 \u0131h, yok, bir damla bile \u00e7\u0131karamad\u0131m. Sonradan \u00f6\u011frendim ki bu s\u00f6zlerin anlamlar\u0131 hi\u00e7 de sand\u0131\u011f\u0131m gibi de\u011filmi\u015f. Asl\u0131nda bunlar \u00e7ookk ba\u015fka anlamlara geliyormu\u015f. Sen de merak ettin, de\u011fil mi? Bu kitapta her deyim i\u00e7in bir hik\u00e2ye var. Oku bak, sen de hemencecik anlayacaks\u0131n kaz\u0131n aya\u011f\u0131n\u0131n hi\u00e7 de \u00f6yle olmad\u0131\u011f\u0131n\u0131.<\/p>\n","protected":false},"excerpt":{"rendered":"<p>Ge\u00e7enlerde \u201cyer yar\u0131l\u0131p da i\u00e7ine girmek\u201d diye bir \u015fey duydum. D\u00fc\u015f\u00fcnd\u00fcm, d\u00fc\u015f\u00fcnd\u00fcm; sahiden de yer durduk yere yar\u0131l\u0131r m\u0131yd\u0131? Bir de \u201cba\u015f\u0131na \u00e7orap \u00f6rmek\u201d dediler; iyi de benim bildi\u011fim ba\u015fa \u015fapka tak\u0131l\u0131r, \u00e7orab\u0131n ba\u015fta i\u015fi ne? Ha tabii \u201cta\u015f\u0131 s\u0131ksa suyunu \u00e7\u0131karmak\u201d laf\u0131na da g\u00fclmeden edemeyece\u011fim. Ge\u00e7en g\u00fcn denedim, denedim; \u0131 \u0131h, yok, bir damla [&hellip;]<\/p>\n","protected":false},"featured_media":1689,"template":"","meta":[],"product_brand":[],"product_cat":[76],"product_tag":[82,67],"class_list":{"0":"post-1324","1":"product","2":"type-product","3":"status-publish","4":"has-post-thumbnail","6":"product_cat-etkinlikler","7":"product_tag-deyimler","8":"product_tag-hikaye","10":"first","11":"instock","12":"shipping-taxable","13":"purchasable","14":"product-type-simple"},"_links":{"self":[{"href":"https:\/\/yuvayayinlari.com\/web\/index.php?rest_route=\/wp\/v2\/product\/1324","targetHints":{"allow":["GET"]}}],"collection":[{"href":"https:\/\/yuvayayinlari.com\/web\/index.php?rest_route=\/wp\/v2\/product"}],"about":[{"href":"https:\/\/yuvayayinlari.com\/web\/index.php?rest_route=\/wp\/v2\/types\/product"}],"wp:featuredmedia":[{"embeddable":true,"href":"https:\/\/yuvayayinlari.com\/web\/index.php?rest_route=\/wp\/v2\/media\/1689"}],"wp:attachment":[{"href":"https:\/\/yuvayayinlari.com\/web\/index.php?rest_route=%2Fwp%2Fv2%2Fmedia&parent=1324"}],"wp:term":[{"taxonomy":"product_brand","embeddable":true,"href":"https:\/\/yuvayayinlari.com\/web\/index.php?rest_route=%2Fwp%2Fv2%2Fproduct_brand&post=1324"},{"taxonomy":"product_cat","embeddable":true,"href":"https:\/\/yuvayayinlari.com\/web\/index.php?rest_route=%2Fwp%2Fv2%2Fproduct_cat&post=1324"},{"taxonomy":"product_tag","embeddable":true,"href":"https:\/\/yuvayayinlari.com\/web\/index.php?rest_route=%2Fwp%2Fv2%2Fproduct_tag&post=1324"}],"curies":[{"name":"wp","href":"https:\/\/api.w.org\/{rel}","templated":true}]}}