{"id":1319,"date":"2021-12-17T22:04:02","date_gmt":"2021-12-17T22:04:02","guid":{"rendered":"https:\/\/yuvayayinlari.com\/web\/?post_type=product&#038;p=1319"},"modified":"2023-12-30T10:48:40","modified_gmt":"2023-12-30T10:48:40","slug":"hem-okurum-hem-yazarim-3-sinif","status":"publish","type":"product","link":"https:\/\/yuvayayinlari.com\/web\/?product=hem-okurum-hem-yazarim-3-sinif","title":{"rendered":"Hem Okurum Hem Yazar\u0131m 3.S\u0131n\u0131f"},"content":{"rendered":"<p>Sen de engin denizlere yelken a\u00e7an kaptanlar\u0131n, havada s\u00fcz\u00fclen k\u0131rm\u0131z\u0131 balonlar\u0131n pe\u015fine tak\u0131lmak ve birbirinden renkli, yepyeni arkada\u015flar edinmek istemez misin? \u00d6yleyse kitaplar\u0131n b\u00fcy\u00fcl\u00fc d\u00fcnyas\u0131na ho\u015f geldin. Bu kitap, sana hem okumay\u0131 sevdirecek hem de yarat\u0131c\u0131l\u0131\u011f\u0131n\u0131 ortaya \u00e7\u0131karacak!<\/p>\n","protected":false},"excerpt":{"rendered":"<p>Sen de engin denizlere yelken a\u00e7an kaptanlar\u0131n, havada s\u00fcz\u00fclen k\u0131rm\u0131z\u0131 balonlar\u0131n pe\u015fine tak\u0131lmak ve birbirinden renkli, yepyeni arkada\u015flar edinmek istemez misin? \u00d6yleyse kitaplar\u0131n b\u00fcy\u00fcl\u00fc d\u00fcnyas\u0131na ho\u015f geldin. Bu kitap, sana hem okumay\u0131 sevdirecek hem de yarat\u0131c\u0131l\u0131\u011f\u0131n\u0131 ortaya \u00e7\u0131karacak!<\/p>\n","protected":false},"featured_media":1668,"template":"","meta":[],"product_brand":[],"product_cat":[76],"product_tag":[80],"class_list":{"0":"post-1319","1":"product","2":"type-product","3":"status-publish","4":"has-post-thumbnail","6":"product_cat-etkinlikler","7":"product_tag-okuma-yazma","9":"first","10":"instock","11":"shipping-taxable","12":"purchasable","13":"product-type-simple"},"_links":{"self":[{"href":"https:\/\/yuvayayinlari.com\/web\/index.php?rest_route=\/wp\/v2\/product\/1319","targetHints":{"allow":["GET"]}}],"collection":[{"href":"https:\/\/yuvayayinlari.com\/web\/index.php?rest_route=\/wp\/v2\/product"}],"about":[{"href":"https:\/\/yuvayayinlari.com\/web\/index.php?rest_route=\/wp\/v2\/types\/product"}],"wp:featuredmedia":[{"embeddable":true,"href":"https:\/\/yuvayayinlari.com\/web\/index.php?rest_route=\/wp\/v2\/media\/1668"}],"wp:attachment":[{"href":"https:\/\/yuvayayinlari.com\/web\/index.php?rest_route=%2Fwp%2Fv2%2Fmedia&parent=1319"}],"wp:term":[{"taxonomy":"product_brand","embeddable":true,"href":"https:\/\/yuvayayinlari.com\/web\/index.php?rest_route=%2Fwp%2Fv2%2Fproduct_brand&post=1319"},{"taxonomy":"product_cat","embeddable":true,"href":"https:\/\/yuvayayinlari.com\/web\/index.php?rest_route=%2Fwp%2Fv2%2Fproduct_cat&post=1319"},{"taxonomy":"product_tag","embeddable":true,"href":"https:\/\/yuvayayinlari.com\/web\/index.php?rest_route=%2Fwp%2Fv2%2Fproduct_tag&post=1319"}],"curies":[{"name":"wp","href":"https:\/\/api.w.org\/{rel}","templated":true}]}}