{"id":1315,"date":"2021-12-17T21:53:02","date_gmt":"2021-12-17T21:53:02","guid":{"rendered":"https:\/\/yuvayayinlari.com\/web\/?post_type=product&#038;p=1315"},"modified":"2025-01-15T13:05:32","modified_gmt":"2025-01-15T13:05:32","slug":"hikayelerle-kolay-arapca-6-sinif","status":"publish","type":"product","link":"https:\/\/yuvayayinlari.com\/web\/?product=hikayelerle-kolay-arapca-6-sinif","title":{"rendered":"Hikayelerle Kolay Arap\u00e7a 6.S\u0131n\u0131f"},"content":{"rendered":"<p>Hikayelerle Kolay Arap\u00e7a, hedeflenen kelimeleri hik\u00e2yenin i\u00e7inde vererek \u00f6\u011frenmeyi kolayla\u015ft\u0131ran bir formatta ve g\u00fcncel m\u00fcfredata uygun bir \u015fekilde haz\u0131rlanm\u0131\u015ft\u0131r. 5-6-7-8. S\u0131n\u0131f M\u00fcfredat\u0131na uygun olarak 10 kitaptan olu\u015fan Hikayelerle Kolay Arap\u00e7a Serisi ile \u00e7ocuklar okurken \u00f6\u011frenmenin tad\u0131n\u0131 \u00e7\u0131karacaklar.<\/p>\n","protected":false},"excerpt":{"rendered":"<p>Hikayelerle Kolay Arap\u00e7a, hedeflenen kelimeleri hik\u00e2yenin i\u00e7inde vererek \u00f6\u011frenmeyi kolayla\u015ft\u0131ran bir formatta ve g\u00fcncel m\u00fcfredata uygun bir \u015fekilde haz\u0131rlanm\u0131\u015ft\u0131r. 5-6-7-8. S\u0131n\u0131f M\u00fcfredat\u0131na uygun olarak 10 kitaptan olu\u015fan Hikayelerle Kolay Arap\u00e7a Serisi ile \u00e7ocuklar okurken \u00f6\u011frenmenin tad\u0131n\u0131 \u00e7\u0131karacaklar.<\/p>\n","protected":false},"featured_media":1680,"template":"","meta":[],"product_brand":[],"product_cat":[76],"product_tag":[67,63],"class_list":{"0":"post-1315","1":"product","2":"type-product","3":"status-publish","4":"has-post-thumbnail","6":"product_cat-etkinlikler","7":"product_tag-hikaye","8":"product_tag-okuma","10":"first","11":"instock","12":"shipping-taxable","13":"purchasable","14":"product-type-simple"},"_links":{"self":[{"href":"https:\/\/yuvayayinlari.com\/web\/index.php?rest_route=\/wp\/v2\/product\/1315","targetHints":{"allow":["GET"]}}],"collection":[{"href":"https:\/\/yuvayayinlari.com\/web\/index.php?rest_route=\/wp\/v2\/product"}],"about":[{"href":"https:\/\/yuvayayinlari.com\/web\/index.php?rest_route=\/wp\/v2\/types\/product"}],"wp:featuredmedia":[{"embeddable":true,"href":"https:\/\/yuvayayinlari.com\/web\/index.php?rest_route=\/wp\/v2\/media\/1680"}],"wp:attachment":[{"href":"https:\/\/yuvayayinlari.com\/web\/index.php?rest_route=%2Fwp%2Fv2%2Fmedia&parent=1315"}],"wp:term":[{"taxonomy":"product_brand","embeddable":true,"href":"https:\/\/yuvayayinlari.com\/web\/index.php?rest_route=%2Fwp%2Fv2%2Fproduct_brand&post=1315"},{"taxonomy":"product_cat","embeddable":true,"href":"https:\/\/yuvayayinlari.com\/web\/index.php?rest_route=%2Fwp%2Fv2%2Fproduct_cat&post=1315"},{"taxonomy":"product_tag","embeddable":true,"href":"https:\/\/yuvayayinlari.com\/web\/index.php?rest_route=%2Fwp%2Fv2%2Fproduct_tag&post=1315"}],"curies":[{"name":"wp","href":"https:\/\/api.w.org\/{rel}","templated":true}]}}