{"id":1309,"date":"2021-12-17T21:43:13","date_gmt":"2021-12-17T21:43:13","guid":{"rendered":"https:\/\/yuvayayinlari.com\/web\/?post_type=product&#038;p=1309"},"modified":"2026-03-26T12:02:42","modified_gmt":"2026-03-26T12:02:42","slug":"kucuk-prens","status":"publish","type":"product","link":"https:\/\/yuvayayinlari.com\/web\/?product=kucuk-prens","title":{"rendered":"K\u00fc\u00e7\u00fck Prens"},"content":{"rendered":"<p>Ertesi g\u00fcn K\u00fc\u00e7\u00fck Prens yeniden oraya geldi. \u201cHer g\u00fcn ayn\u0131 saatte gelsen daha iyi olur,\u201d dedi tilki. \u201c\u00d6rne\u011fin \u00f6\u011fleden sonra d\u00f6rtte geleceksen, ben saat \u00fc\u00e7te mutlu olmaya ba\u015flar\u0131m. Saat ilerledik\u00e7e de i\u00e7imdeki mutluluk artar. D\u00f6rt oldu mu i\u00e7im k\u0131p\u0131r k\u0131p\u0131r olur ve ufaktan meraklan\u0131r\u0131m; mutlulu\u011fun de\u011ferini anlamaya ba\u015flar\u0131m! Ama sen herhangi bir anda \u00e7\u0131k\u0131p gelirsen, y\u00fcre\u011fim saat ka\u00e7ta senin i\u00e7in \u00e7arpaca\u011f\u0131n\u0131 bilemez&#8230;\u201d<\/p>\n","protected":false},"excerpt":{"rendered":"<p>Ertesi g\u00fcn K\u00fc\u00e7\u00fck Prens yeniden oraya geldi. \u201cHer g\u00fcn ayn\u0131 saatte gelsen daha iyi olur,\u201d dedi tilki. \u201c\u00d6rne\u011fin \u00f6\u011fleden sonra d\u00f6rtte geleceksen, ben saat \u00fc\u00e7te mutlu olmaya ba\u015flar\u0131m. Saat ilerledik\u00e7e de i\u00e7imdeki mutluluk artar. D\u00f6rt oldu mu i\u00e7im k\u0131p\u0131r k\u0131p\u0131r olur ve ufaktan meraklan\u0131r\u0131m; mutlulu\u011fun de\u011ferini anlamaya ba\u015flar\u0131m! Ama sen herhangi bir anda \u00e7\u0131k\u0131p gelirsen, [&hellip;]<\/p>\n","protected":false},"featured_media":1673,"template":"","meta":[],"product_brand":[],"product_cat":[15],"product_tag":[67,63],"class_list":{"0":"post-1309","1":"product","2":"type-product","3":"status-publish","4":"has-post-thumbnail","6":"product_cat-genel","7":"product_tag-hikaye","8":"product_tag-okuma","10":"first","11":"instock","12":"shipping-taxable","13":"purchasable","14":"product-type-simple"},"_links":{"self":[{"href":"https:\/\/yuvayayinlari.com\/web\/index.php?rest_route=\/wp\/v2\/product\/1309","targetHints":{"allow":["GET"]}}],"collection":[{"href":"https:\/\/yuvayayinlari.com\/web\/index.php?rest_route=\/wp\/v2\/product"}],"about":[{"href":"https:\/\/yuvayayinlari.com\/web\/index.php?rest_route=\/wp\/v2\/types\/product"}],"wp:featuredmedia":[{"embeddable":true,"href":"https:\/\/yuvayayinlari.com\/web\/index.php?rest_route=\/wp\/v2\/media\/1673"}],"wp:attachment":[{"href":"https:\/\/yuvayayinlari.com\/web\/index.php?rest_route=%2Fwp%2Fv2%2Fmedia&parent=1309"}],"wp:term":[{"taxonomy":"product_brand","embeddable":true,"href":"https:\/\/yuvayayinlari.com\/web\/index.php?rest_route=%2Fwp%2Fv2%2Fproduct_brand&post=1309"},{"taxonomy":"product_cat","embeddable":true,"href":"https:\/\/yuvayayinlari.com\/web\/index.php?rest_route=%2Fwp%2Fv2%2Fproduct_cat&post=1309"},{"taxonomy":"product_tag","embeddable":true,"href":"https:\/\/yuvayayinlari.com\/web\/index.php?rest_route=%2Fwp%2Fv2%2Fproduct_tag&post=1309"}],"curies":[{"name":"wp","href":"https:\/\/api.w.org\/{rel}","templated":true}]}}