{"id":1305,"date":"2021-12-17T21:38:03","date_gmt":"2021-12-17T21:38:03","guid":{"rendered":"https:\/\/yuvayayinlari.com\/web\/?post_type=product&#038;p=1305"},"modified":"2026-03-26T12:02:42","modified_gmt":"2026-03-26T12:02:42","slug":"oyku-dunyasi","status":"publish","type":"product","link":"https:\/\/yuvayayinlari.com\/web\/?product=oyku-dunyasi","title":{"rendered":"\u00d6yk\u00fc D\u00fcnyas\u0131 4.S\u0131n\u0131f 10 Kitap"},"content":{"rendered":"<p>\u00c7ocuklar on kitaptan olu\u015fan reng\u00e2renk \u00d6yk\u00fc D\u00fcnyas\u0131 serisiyle e\u011flenirken \u00f6\u011frenecek, soru kitap\u00e7\u0131\u011f\u0131yla da \u00f6\u011frendiklerini peki\u015ftirecek. O h\u00e2lde iyi okumalar, \u00e7ocuklar!<\/p>\n","protected":false},"excerpt":{"rendered":"<p>\u00c7ocuklar on kitaptan olu\u015fan reng\u00e2renk \u00d6yk\u00fc D\u00fcnyas\u0131 serisiyle e\u011flenirken \u00f6\u011frenecek, soru kitap\u00e7\u0131\u011f\u0131yla da \u00f6\u011frendiklerini peki\u015ftirecek. O h\u00e2lde iyi okumalar, \u00e7ocuklar!<\/p>\n","protected":false},"featured_media":1666,"template":"","meta":[],"product_brand":[],"product_cat":[74],"product_tag":[75,80],"class_list":{"0":"post-1305","1":"product","2":"type-product","3":"status-publish","4":"has-post-thumbnail","6":"product_cat-4-sinif","7":"product_tag-4-sinif","8":"product_tag-okuma-yazma","10":"first","11":"instock","12":"shipping-taxable","13":"purchasable","14":"product-type-simple"},"_links":{"self":[{"href":"https:\/\/yuvayayinlari.com\/web\/index.php?rest_route=\/wp\/v2\/product\/1305","targetHints":{"allow":["GET"]}}],"collection":[{"href":"https:\/\/yuvayayinlari.com\/web\/index.php?rest_route=\/wp\/v2\/product"}],"about":[{"href":"https:\/\/yuvayayinlari.com\/web\/index.php?rest_route=\/wp\/v2\/types\/product"}],"wp:featuredmedia":[{"embeddable":true,"href":"https:\/\/yuvayayinlari.com\/web\/index.php?rest_route=\/wp\/v2\/media\/1666"}],"wp:attachment":[{"href":"https:\/\/yuvayayinlari.com\/web\/index.php?rest_route=%2Fwp%2Fv2%2Fmedia&parent=1305"}],"wp:term":[{"taxonomy":"product_brand","embeddable":true,"href":"https:\/\/yuvayayinlari.com\/web\/index.php?rest_route=%2Fwp%2Fv2%2Fproduct_brand&post=1305"},{"taxonomy":"product_cat","embeddable":true,"href":"https:\/\/yuvayayinlari.com\/web\/index.php?rest_route=%2Fwp%2Fv2%2Fproduct_cat&post=1305"},{"taxonomy":"product_tag","embeddable":true,"href":"https:\/\/yuvayayinlari.com\/web\/index.php?rest_route=%2Fwp%2Fv2%2Fproduct_tag&post=1305"}],"curies":[{"name":"wp","href":"https:\/\/api.w.org\/{rel}","templated":true}]}}