{"id":1301,"date":"2021-12-17T20:55:10","date_gmt":"2021-12-17T20:55:10","guid":{"rendered":"https:\/\/yuvayayinlari.com\/web\/?post_type=product&#038;p=1301"},"modified":"2024-07-03T14:30:33","modified_gmt":"2024-07-03T14:30:33","slug":"dunya-klasikleri-3-2","status":"publish","type":"product","link":"https:\/\/yuvayayinlari.com\/web\/?product=dunya-klasikleri-3-2","title":{"rendered":"D\u00fcnya Klasikleri 3.S\u0131n\u0131f 10 Kitap"},"content":{"rendered":"<p>Y\u0131llar boyu okunarak klasikle\u015fmi\u015f D\u00fcnyaya m\u00e2l olmu\u015f eserler, bo\u015f zamanlar\u0131n\u0131z\u0131 de\u011ferlendirmek \u00fczere \u00f6ncelikle ba\u015fvurabilecek kaynak eserler olarak tavsiye edilmi\u015ftir. Bu sebeple haz\u0131rlanm\u0131\u015f olan serlerimizden en iyi \u015fekilde faydalanman\u0131z dile\u011fiyle. \u0130yi okumalar.<\/p>\n","protected":false},"excerpt":{"rendered":"<p>Y\u0131llar boyu okunarak klasikle\u015fmi\u015f D\u00fcnyaya m\u00e2l olmu\u015f eserler, bo\u015f zamanlar\u0131n\u0131z\u0131 de\u011ferlendirmek \u00fczere \u00f6ncelikle ba\u015fvurabilecek kaynak eserler olarak tavsiye edilmi\u015ftir. Bu sebeple haz\u0131rlanm\u0131\u015f olan serlerimizden en iyi \u015fekilde faydalanman\u0131z dile\u011fiyle. \u0130yi okumalar.<\/p>\n","protected":false},"featured_media":1655,"template":"","meta":[],"product_brand":[],"product_cat":[72],"product_tag":[73,63,64],"class_list":{"0":"post-1301","1":"product","2":"type-product","3":"status-publish","4":"has-post-thumbnail","6":"product_cat-3-sinif","7":"product_tag-3-sinif","8":"product_tag-okuma","9":"product_tag-yazma","11":"first","12":"instock","13":"shipping-taxable","14":"purchasable","15":"product-type-simple"},"_links":{"self":[{"href":"https:\/\/yuvayayinlari.com\/web\/index.php?rest_route=\/wp\/v2\/product\/1301","targetHints":{"allow":["GET"]}}],"collection":[{"href":"https:\/\/yuvayayinlari.com\/web\/index.php?rest_route=\/wp\/v2\/product"}],"about":[{"href":"https:\/\/yuvayayinlari.com\/web\/index.php?rest_route=\/wp\/v2\/types\/product"}],"wp:featuredmedia":[{"embeddable":true,"href":"https:\/\/yuvayayinlari.com\/web\/index.php?rest_route=\/wp\/v2\/media\/1655"}],"wp:attachment":[{"href":"https:\/\/yuvayayinlari.com\/web\/index.php?rest_route=%2Fwp%2Fv2%2Fmedia&parent=1301"}],"wp:term":[{"taxonomy":"product_brand","embeddable":true,"href":"https:\/\/yuvayayinlari.com\/web\/index.php?rest_route=%2Fwp%2Fv2%2Fproduct_brand&post=1301"},{"taxonomy":"product_cat","embeddable":true,"href":"https:\/\/yuvayayinlari.com\/web\/index.php?rest_route=%2Fwp%2Fv2%2Fproduct_cat&post=1301"},{"taxonomy":"product_tag","embeddable":true,"href":"https:\/\/yuvayayinlari.com\/web\/index.php?rest_route=%2Fwp%2Fv2%2Fproduct_tag&post=1301"}],"curies":[{"name":"wp","href":"https:\/\/api.w.org\/{rel}","templated":true}]}}