{"id":1299,"date":"2021-12-17T20:52:17","date_gmt":"2021-12-17T20:52:17","guid":{"rendered":"https:\/\/yuvayayinlari.com\/web\/?post_type=product&#038;p=1299"},"modified":"2025-06-12T15:54:24","modified_gmt":"2025-06-12T15:54:24","slug":"oykulerle-doga-ve-cevre-3","status":"publish","type":"product","link":"https:\/\/yuvayayinlari.com\/web\/?product=oykulerle-doga-ve-cevre-3","title":{"rendered":"\u00d6yk\u00fclerle Do\u011fa ve \u00c7evre 3.S\u0131n\u0131f 10 Kitap"},"content":{"rendered":"<p>Toplamda 10 adet \u00f6yk\u00fc kitab\u0131ndan olu\u015fan bu seri, e\u011flenceli bir tarzda yaz\u0131ld\u0131. Bu e\u011flenceli seri do\u011fa ve \u00e7evre bilinci olu\u015fturmak i\u00e7in hem d\u00fc\u015f\u00fcnd\u00fcr\u00fcyor, hem \u00f6\u011fretiyor hem de sorgulat\u0131yor. Bu kitaplar\u0131 \u00e7ocuklar \u00e7ok sevecek.<\/p>\n","protected":false},"excerpt":{"rendered":"<p>Toplamda 10 adet \u00f6yk\u00fc kitab\u0131ndan olu\u015fan bu seri, e\u011flenceli bir tarzda yaz\u0131ld\u0131. Bu e\u011flenceli seri do\u011fa ve \u00e7evre bilinci olu\u015fturmak i\u00e7in hem d\u00fc\u015f\u00fcnd\u00fcr\u00fcyor, hem \u00f6\u011fretiyor hem de sorgulat\u0131yor. Bu kitaplar\u0131 \u00e7ocuklar \u00e7ok sevecek.<\/p>\n","protected":false},"featured_media":1652,"template":"","meta":[],"product_brand":[],"product_cat":[72],"product_tag":[73,63,70],"class_list":{"0":"post-1299","1":"product","2":"type-product","3":"status-publish","4":"has-post-thumbnail","6":"product_cat-3-sinif","7":"product_tag-3-sinif","8":"product_tag-okuma","9":"product_tag-oyku","11":"first","12":"instock","13":"shipping-taxable","14":"purchasable","15":"product-type-simple"},"_links":{"self":[{"href":"https:\/\/yuvayayinlari.com\/web\/index.php?rest_route=\/wp\/v2\/product\/1299","targetHints":{"allow":["GET"]}}],"collection":[{"href":"https:\/\/yuvayayinlari.com\/web\/index.php?rest_route=\/wp\/v2\/product"}],"about":[{"href":"https:\/\/yuvayayinlari.com\/web\/index.php?rest_route=\/wp\/v2\/types\/product"}],"wp:featuredmedia":[{"embeddable":true,"href":"https:\/\/yuvayayinlari.com\/web\/index.php?rest_route=\/wp\/v2\/media\/1652"}],"wp:attachment":[{"href":"https:\/\/yuvayayinlari.com\/web\/index.php?rest_route=%2Fwp%2Fv2%2Fmedia&parent=1299"}],"wp:term":[{"taxonomy":"product_brand","embeddable":true,"href":"https:\/\/yuvayayinlari.com\/web\/index.php?rest_route=%2Fwp%2Fv2%2Fproduct_brand&post=1299"},{"taxonomy":"product_cat","embeddable":true,"href":"https:\/\/yuvayayinlari.com\/web\/index.php?rest_route=%2Fwp%2Fv2%2Fproduct_cat&post=1299"},{"taxonomy":"product_tag","embeddable":true,"href":"https:\/\/yuvayayinlari.com\/web\/index.php?rest_route=%2Fwp%2Fv2%2Fproduct_tag&post=1299"}],"curies":[{"name":"wp","href":"https:\/\/api.w.org\/{rel}","templated":true}]}}