{"id":1291,"date":"2021-12-19T20:31:58","date_gmt":"2021-12-19T20:31:58","guid":{"rendered":"https:\/\/yuvayayinlari.com\/web\/?post_type=product&#038;p=1291"},"modified":"2026-03-17T15:08:02","modified_gmt":"2026-03-17T15:08:02","slug":"oykulerle-erdemler-serisi-2","status":"publish","type":"product","link":"https:\/\/yuvayayinlari.com\/web\/?product=oykulerle-erdemler-serisi-2","title":{"rendered":"\u00d6yk\u00fclerle Erdemler Serisi 2.S\u0131n\u0131f 10 Kitap"},"content":{"rendered":"<p>Toplamda 10 adet \u00f6yk\u00fc kitab\u0131ndan olu\u015fan bu seri, e\u011flenceli bir tarzda yaz\u0131ld\u0131. Bu e\u011flenceli seri hem d\u00fc\u015f\u00fcnd\u00fcr\u00fcyor, hem \u00f6\u011fretiyor hem de sorgulat\u0131yor. Bu kitaplar\u0131 \u00e7ocuklar \u00e7ok sevecek.<\/p>\n","protected":false},"excerpt":{"rendered":"<p><span style=\"color: #3c434a;font-family: -apple-system, BlinkMacSystemFont, 'Segoe UI', Roboto, Oxygen-Sans, Ubuntu, Cantarell, 'Helvetica Neue', sans-serif;font-size: 13px\">[dflip id=\"2028\" type=\"thumb\"][\/dflip]<\/span><\/p>\n","protected":false},"featured_media":1622,"template":"","meta":[],"product_brand":[],"product_cat":[71],"product_tag":[110,139,63,70],"class_list":{"0":"post-1291","1":"product","2":"type-product","3":"status-publish","4":"has-post-thumbnail","6":"product_cat-2-sinif","7":"product_tag-2-sinif","8":"product_tag-hikayeler","9":"product_tag-okuma","10":"product_tag-oyku","12":"first","13":"instock","14":"shipping-taxable","15":"purchasable","16":"product-type-simple"},"_links":{"self":[{"href":"https:\/\/yuvayayinlari.com\/web\/index.php?rest_route=\/wp\/v2\/product\/1291","targetHints":{"allow":["GET"]}}],"collection":[{"href":"https:\/\/yuvayayinlari.com\/web\/index.php?rest_route=\/wp\/v2\/product"}],"about":[{"href":"https:\/\/yuvayayinlari.com\/web\/index.php?rest_route=\/wp\/v2\/types\/product"}],"wp:featuredmedia":[{"embeddable":true,"href":"https:\/\/yuvayayinlari.com\/web\/index.php?rest_route=\/wp\/v2\/media\/1622"}],"wp:attachment":[{"href":"https:\/\/yuvayayinlari.com\/web\/index.php?rest_route=%2Fwp%2Fv2%2Fmedia&parent=1291"}],"wp:term":[{"taxonomy":"product_brand","embeddable":true,"href":"https:\/\/yuvayayinlari.com\/web\/index.php?rest_route=%2Fwp%2Fv2%2Fproduct_brand&post=1291"},{"taxonomy":"product_cat","embeddable":true,"href":"https:\/\/yuvayayinlari.com\/web\/index.php?rest_route=%2Fwp%2Fv2%2Fproduct_cat&post=1291"},{"taxonomy":"product_tag","embeddable":true,"href":"https:\/\/yuvayayinlari.com\/web\/index.php?rest_route=%2Fwp%2Fv2%2Fproduct_tag&post=1291"}],"curies":[{"name":"wp","href":"https:\/\/api.w.org\/{rel}","templated":true}]}}