{"id":1289,"date":"2021-12-17T20:29:12","date_gmt":"2021-12-17T20:29:12","guid":{"rendered":"https:\/\/yuvayayinlari.com\/web\/?post_type=product&#038;p=1289"},"modified":"2025-06-12T15:55:19","modified_gmt":"2025-06-12T15:55:19","slug":"oyku-bahari","status":"publish","type":"product","link":"https:\/\/yuvayayinlari.com\/web\/?product=oyku-bahari","title":{"rendered":"\u00d6yk\u00fc Bahar\u0131 2.S\u0131n\u0131f 10 Kitap"},"content":{"rendered":"<p>\u00c7ocuklar 10 kitaptan olu\u015fan reng\u00e2renk \u00d6yk\u00fc Bahar\u0131 serisiyle e\u011flenirken \u00f6\u011frenecek, soru kitap\u00e7\u0131\u011f\u0131yla da \u00f6\u011frendiklerini peki\u015ftirecek. O h\u00e2lde iyi okumalar, \u00e7ocuklar!<\/p>\n","protected":false},"excerpt":{"rendered":"<p>\u00c7ocuklar 10 kitaptan olu\u015fan reng\u00e2renk \u00d6yk\u00fc Bahar\u0131 serisiyle e\u011flenirken \u00f6\u011frenecek, soru kitap\u00e7\u0131\u011f\u0131yla da \u00f6\u011frendiklerini peki\u015ftirecek. O h\u00e2lde iyi okumalar, \u00e7ocuklar!<\/p>\n","protected":false},"featured_media":1643,"template":"","meta":[],"product_brand":[],"product_cat":[71],"product_tag":[110,63,70],"class_list":{"0":"post-1289","1":"product","2":"type-product","3":"status-publish","4":"has-post-thumbnail","6":"product_cat-2-sinif","7":"product_tag-2-sinif","8":"product_tag-okuma","9":"product_tag-oyku","11":"first","12":"instock","13":"shipping-taxable","14":"purchasable","15":"product-type-simple"},"_links":{"self":[{"href":"https:\/\/yuvayayinlari.com\/web\/index.php?rest_route=\/wp\/v2\/product\/1289","targetHints":{"allow":["GET"]}}],"collection":[{"href":"https:\/\/yuvayayinlari.com\/web\/index.php?rest_route=\/wp\/v2\/product"}],"about":[{"href":"https:\/\/yuvayayinlari.com\/web\/index.php?rest_route=\/wp\/v2\/types\/product"}],"wp:featuredmedia":[{"embeddable":true,"href":"https:\/\/yuvayayinlari.com\/web\/index.php?rest_route=\/wp\/v2\/media\/1643"}],"wp:attachment":[{"href":"https:\/\/yuvayayinlari.com\/web\/index.php?rest_route=%2Fwp%2Fv2%2Fmedia&parent=1289"}],"wp:term":[{"taxonomy":"product_brand","embeddable":true,"href":"https:\/\/yuvayayinlari.com\/web\/index.php?rest_route=%2Fwp%2Fv2%2Fproduct_brand&post=1289"},{"taxonomy":"product_cat","embeddable":true,"href":"https:\/\/yuvayayinlari.com\/web\/index.php?rest_route=%2Fwp%2Fv2%2Fproduct_cat&post=1289"},{"taxonomy":"product_tag","embeddable":true,"href":"https:\/\/yuvayayinlari.com\/web\/index.php?rest_route=%2Fwp%2Fv2%2Fproduct_tag&post=1289"}],"curies":[{"name":"wp","href":"https:\/\/api.w.org\/{rel}","templated":true}]}}