{"id":1286,"date":"2021-12-17T20:24:59","date_gmt":"2021-12-17T20:24:59","guid":{"rendered":"https:\/\/yuvayayinlari.com\/web\/?post_type=product&#038;p=1286"},"modified":"2026-03-26T12:02:42","modified_gmt":"2026-03-26T12:02:42","slug":"oykulerle-erdemler-serisi","status":"publish","type":"product","link":"https:\/\/yuvayayinlari.com\/web\/?product=oykulerle-erdemler-serisi","title":{"rendered":"\u00d6yk\u00fclerle Erdemler Serisi 1.S\u0131n\u0131f 10 Kitap (D\u00fcz Yaz\u0131l\u0131)"},"content":{"rendered":"<p>Toplamda 10 adet \u00f6yk\u00fc kitab\u0131ndan olu\u015fan bu seri, e\u011flenceli bir tarzda yaz\u0131ld\u0131. Bu e\u011flenceli seri okumay\u0131 yeni \u00f6\u011frenirken hem d\u00fc\u015f\u00fcnd\u00fcr\u00fcyor, hem \u00f6\u011fretiyor hem de sorgulat\u0131yor. Bu kitaplar\u0131 \u00e7ocuklar \u00e7ok sevecek.<\/p>\n","protected":false},"excerpt":{"rendered":"<p><span style=\"color: #3c434a;font-family: -apple-system, BlinkMacSystemFont, 'Segoe UI', Roboto, Oxygen-Sans, Ubuntu, Cantarell, 'Helvetica Neue', sans-serif;font-size: 13px\">[dflip id=\"1963\" type=\"thumb\"][\/dflip]<\/span><\/p>\n","protected":false},"featured_media":1605,"template":"","meta":[],"product_brand":[],"product_cat":[55],"product_tag":[56,63,70],"class_list":{"0":"post-1286","1":"product","2":"type-product","3":"status-publish","4":"has-post-thumbnail","6":"product_cat-1-sinif","7":"product_tag-1-sinif","8":"product_tag-okuma","9":"product_tag-oyku","11":"first","12":"instock","13":"shipping-taxable","14":"purchasable","15":"product-type-simple"},"_links":{"self":[{"href":"https:\/\/yuvayayinlari.com\/web\/index.php?rest_route=\/wp\/v2\/product\/1286","targetHints":{"allow":["GET"]}}],"collection":[{"href":"https:\/\/yuvayayinlari.com\/web\/index.php?rest_route=\/wp\/v2\/product"}],"about":[{"href":"https:\/\/yuvayayinlari.com\/web\/index.php?rest_route=\/wp\/v2\/types\/product"}],"wp:featuredmedia":[{"embeddable":true,"href":"https:\/\/yuvayayinlari.com\/web\/index.php?rest_route=\/wp\/v2\/media\/1605"}],"wp:attachment":[{"href":"https:\/\/yuvayayinlari.com\/web\/index.php?rest_route=%2Fwp%2Fv2%2Fmedia&parent=1286"}],"wp:term":[{"taxonomy":"product_brand","embeddable":true,"href":"https:\/\/yuvayayinlari.com\/web\/index.php?rest_route=%2Fwp%2Fv2%2Fproduct_brand&post=1286"},{"taxonomy":"product_cat","embeddable":true,"href":"https:\/\/yuvayayinlari.com\/web\/index.php?rest_route=%2Fwp%2Fv2%2Fproduct_cat&post=1286"},{"taxonomy":"product_tag","embeddable":true,"href":"https:\/\/yuvayayinlari.com\/web\/index.php?rest_route=%2Fwp%2Fv2%2Fproduct_tag&post=1286"}],"curies":[{"name":"wp","href":"https:\/\/api.w.org\/{rel}","templated":true}]}}