{"id":1284,"date":"2021-12-17T20:19:33","date_gmt":"2021-12-17T20:19:33","guid":{"rendered":"https:\/\/yuvayayinlari.com\/web\/?post_type=product&#038;p=1284"},"modified":"2026-03-09T13:50:18","modified_gmt":"2026-03-09T13:50:18","slug":"sevilen-hayvanlar-duz-yazili","status":"publish","type":"product","link":"https:\/\/yuvayayinlari.com\/web\/?product=sevilen-hayvanlar-duz-yazili","title":{"rendered":"Sevilen Hayvanlar 1.S\u0131n\u0131f 10 Kitap (D\u00fcz Yaz\u0131l\u0131)"},"content":{"rendered":"<p>Sevilen Hayvanlar Serisi, yeni okuma ve yazma \u00f6\u011fretimi program\u0131na g\u00f6re haz\u0131rlanm\u0131\u015ft\u0131r. Bu serimizde hayvan dostlar\u0131m\u0131z\u0131n ba\u015f\u0131ndan ge\u00e7en olaylar okumay\u0131 \u00f6\u011frenmede yard\u0131mc\u0131 olacak, h\u0131zland\u0131racak ve sevdirecektir. D\u00fcz yaz\u0131 ile okumay\u0131 kolayla\u015ft\u0131racak 10 kitaptan olu\u015fmaktad\u0131r.<\/p>\n","protected":false},"excerpt":{"rendered":"[dflip id=\"1908\" type=\"thumb\"][\/dflip]\n","protected":false},"featured_media":1599,"template":"","meta":[],"product_brand":[],"product_cat":[55],"product_tag":[56,69,63],"class_list":{"0":"post-1284","1":"product","2":"type-product","3":"status-publish","4":"has-post-thumbnail","6":"product_cat-1-sinif","7":"product_tag-1-sinif","8":"product_tag-hayvan","9":"product_tag-okuma","11":"first","12":"instock","13":"shipping-taxable","14":"purchasable","15":"product-type-simple"},"_links":{"self":[{"href":"https:\/\/yuvayayinlari.com\/web\/index.php?rest_route=\/wp\/v2\/product\/1284","targetHints":{"allow":["GET"]}}],"collection":[{"href":"https:\/\/yuvayayinlari.com\/web\/index.php?rest_route=\/wp\/v2\/product"}],"about":[{"href":"https:\/\/yuvayayinlari.com\/web\/index.php?rest_route=\/wp\/v2\/types\/product"}],"wp:featuredmedia":[{"embeddable":true,"href":"https:\/\/yuvayayinlari.com\/web\/index.php?rest_route=\/wp\/v2\/media\/1599"}],"wp:attachment":[{"href":"https:\/\/yuvayayinlari.com\/web\/index.php?rest_route=%2Fwp%2Fv2%2Fmedia&parent=1284"}],"wp:term":[{"taxonomy":"product_brand","embeddable":true,"href":"https:\/\/yuvayayinlari.com\/web\/index.php?rest_route=%2Fwp%2Fv2%2Fproduct_brand&post=1284"},{"taxonomy":"product_cat","embeddable":true,"href":"https:\/\/yuvayayinlari.com\/web\/index.php?rest_route=%2Fwp%2Fv2%2Fproduct_cat&post=1284"},{"taxonomy":"product_tag","embeddable":true,"href":"https:\/\/yuvayayinlari.com\/web\/index.php?rest_route=%2Fwp%2Fv2%2Fproduct_tag&post=1284"}],"curies":[{"name":"wp","href":"https:\/\/api.w.org\/{rel}","templated":true}]}}