{"id":1279,"date":"2021-12-19T20:11:49","date_gmt":"2021-12-19T20:11:49","guid":{"rendered":"https:\/\/yuvayayinlari.com\/web\/?post_type=product&#038;p=1279"},"modified":"2026-03-10T08:04:44","modified_gmt":"2026-03-10T08:04:44","slug":"okumaya-ilk-adim-serisi","status":"publish","type":"product","link":"https:\/\/yuvayayinlari.com\/web\/?product=okumaya-ilk-adim-serisi","title":{"rendered":"Okumaya \u0130lk Ad\u0131m Serisi 1.S\u0131n\u0131f 10 Kitap (ANET\u0130L)"},"content":{"rendered":"<p>Okumaya \u0130lk Ad\u0131m Serisi, yeni okuma ve yazma \u00f6\u011fretimi program\u0131na g\u00f6re haz\u0131rlanm\u0131\u015ft\u0131r. Bu kitaplar okumay\u0131 \u00f6\u011frenmede yard\u0131mc\u0131 olacak, h\u0131zland\u0131racak ve sevdirecek. Her bir kitapta m\u00fcfredat gere\u011fince \u00f6\u011frenilmesi gereken harfler, \u00e7ocuklar\u0131n ilgisini \u00e7ekecek metinlerle verilmi\u015ftir.<\/p>\n","protected":false},"excerpt":{"rendered":"[dflip id=\"1989\" type=\"thumb\"][\/dflip]\n","protected":false},"featured_media":1776,"template":"","meta":[],"product_brand":[],"product_cat":[55],"product_tag":[56,63,64],"class_list":{"0":"post-1279","1":"product","2":"type-product","3":"status-publish","4":"has-post-thumbnail","6":"product_cat-1-sinif","7":"product_tag-1-sinif","8":"product_tag-okuma","9":"product_tag-yazma","11":"first","12":"instock","13":"shipping-taxable","14":"purchasable","15":"product-type-simple"},"_links":{"self":[{"href":"https:\/\/yuvayayinlari.com\/web\/index.php?rest_route=\/wp\/v2\/product\/1279","targetHints":{"allow":["GET"]}}],"collection":[{"href":"https:\/\/yuvayayinlari.com\/web\/index.php?rest_route=\/wp\/v2\/product"}],"about":[{"href":"https:\/\/yuvayayinlari.com\/web\/index.php?rest_route=\/wp\/v2\/types\/product"}],"wp:featuredmedia":[{"embeddable":true,"href":"https:\/\/yuvayayinlari.com\/web\/index.php?rest_route=\/wp\/v2\/media\/1776"}],"wp:attachment":[{"href":"https:\/\/yuvayayinlari.com\/web\/index.php?rest_route=%2Fwp%2Fv2%2Fmedia&parent=1279"}],"wp:term":[{"taxonomy":"product_brand","embeddable":true,"href":"https:\/\/yuvayayinlari.com\/web\/index.php?rest_route=%2Fwp%2Fv2%2Fproduct_brand&post=1279"},{"taxonomy":"product_cat","embeddable":true,"href":"https:\/\/yuvayayinlari.com\/web\/index.php?rest_route=%2Fwp%2Fv2%2Fproduct_cat&post=1279"},{"taxonomy":"product_tag","embeddable":true,"href":"https:\/\/yuvayayinlari.com\/web\/index.php?rest_route=%2Fwp%2Fv2%2Fproduct_tag&post=1279"}],"curies":[{"name":"wp","href":"https:\/\/api.w.org\/{rel}","templated":true}]}}