{"id":1277,"date":"2021-12-19T23:03:04","date_gmt":"2021-12-19T23:03:04","guid":{"rendered":"https:\/\/yuvayayinlari.com\/web\/?post_type=product&#038;p=1277"},"modified":"2026-03-26T12:02:42","modified_gmt":"2026-03-26T12:02:42","slug":"hizli-okuma","status":"publish","type":"product","link":"https:\/\/yuvayayinlari.com\/web\/?product=hizli-okuma","title":{"rendered":"\u0130lkokul H\u0131zl\u0131 Okuma (7-11 Ya\u015f)"},"content":{"rendered":"<p>Selam! Ben Berk. Sen bu sat\u0131rlar\u0131 okurken ben bir hik\u00e2yeyi \u00e7oktan bitirmi\u015f olaca\u011f\u0131m. Nas\u0131l m\u0131? \u0130stersen bu s\u0131rr\u0131m\u0131 seninle payla\u015fabilirim. O h\u00e2lde atla haydi balonuma. Birlikte hem keyifli bir yolculu\u011fa \u00e7\u0131kal\u0131m hem de okuma h\u0131z\u0131m\u0131z\u0131 nas\u0131l art\u0131raca\u011f\u0131m\u0131z\u0131 \u00f6\u011frenelim.<\/p>\n","protected":false},"excerpt":{"rendered":"<p>Selam! Ben Berk. Sen bu sat\u0131rlar\u0131 okurken ben bir hik\u00e2yeyi \u00e7oktan bitirmi\u015f olaca\u011f\u0131m. Nas\u0131l m\u0131? \u0130stersen bu s\u0131rr\u0131m\u0131 seninle payla\u015fabilirim. O h\u00e2lde atla haydi balonuma. Birlikte hem keyifli bir yolculu\u011fa \u00e7\u0131kal\u0131m hem de okuma h\u0131z\u0131m\u0131z\u0131 nas\u0131l art\u0131raca\u011f\u0131m\u0131z\u0131 \u00f6\u011frenelim.<\/p>\n","protected":false},"featured_media":1781,"template":"","meta":[],"product_brand":[],"product_cat":[76,141],"product_tag":[56,139,65,63],"class_list":{"0":"post-1277","1":"product","2":"type-product","3":"status-publish","4":"has-post-thumbnail","6":"product_cat-etkinlikler","7":"product_cat-okula-yardimci","8":"product_tag-1-sinif","9":"product_tag-hikayeler","10":"product_tag-hizli","11":"product_tag-okuma","13":"first","14":"instock","15":"shipping-taxable","16":"purchasable","17":"product-type-simple"},"_links":{"self":[{"href":"https:\/\/yuvayayinlari.com\/web\/index.php?rest_route=\/wp\/v2\/product\/1277","targetHints":{"allow":["GET"]}}],"collection":[{"href":"https:\/\/yuvayayinlari.com\/web\/index.php?rest_route=\/wp\/v2\/product"}],"about":[{"href":"https:\/\/yuvayayinlari.com\/web\/index.php?rest_route=\/wp\/v2\/types\/product"}],"wp:featuredmedia":[{"embeddable":true,"href":"https:\/\/yuvayayinlari.com\/web\/index.php?rest_route=\/wp\/v2\/media\/1781"}],"wp:attachment":[{"href":"https:\/\/yuvayayinlari.com\/web\/index.php?rest_route=%2Fwp%2Fv2%2Fmedia&parent=1277"}],"wp:term":[{"taxonomy":"product_brand","embeddable":true,"href":"https:\/\/yuvayayinlari.com\/web\/index.php?rest_route=%2Fwp%2Fv2%2Fproduct_brand&post=1277"},{"taxonomy":"product_cat","embeddable":true,"href":"https:\/\/yuvayayinlari.com\/web\/index.php?rest_route=%2Fwp%2Fv2%2Fproduct_cat&post=1277"},{"taxonomy":"product_tag","embeddable":true,"href":"https:\/\/yuvayayinlari.com\/web\/index.php?rest_route=%2Fwp%2Fv2%2Fproduct_tag&post=1277"}],"curies":[{"name":"wp","href":"https:\/\/api.w.org\/{rel}","templated":true}]}}