{"id":1274,"date":"2021-12-17T19:57:23","date_gmt":"2021-12-17T19:57:23","guid":{"rendered":"https:\/\/yuvayayinlari.com\/web\/?post_type=product&#038;p=1274"},"modified":"2026-03-26T12:02:43","modified_gmt":"2026-03-26T12:02:43","slug":"cizgi-kitabim-yaz-sil","status":"publish","type":"product","link":"https:\/\/yuvayayinlari.com\/web\/?product=cizgi-kitabim-yaz-sil","title":{"rendered":"\u00c7izgi Kitab\u0131m Yaz Sil Kalemli"},"content":{"rendered":"<p>Yaz\u0131 \u00e7al\u0131\u015fmalar\u0131 yaparken s\u00fcrekli kullanaca\u011f\u0131n\u0131z, silinebilir \u00f6zelli\u011fe sahip olan defter, yaz\u0131y\u0131 \u00f6\u011frenene kadar size \u00e7ok yard\u0131mc\u0131 olacak ve b\u00f6ylece ka\u011f\u0131t israf\u0131nn \u00f6n\u00fcne ge\u00e7erek ekonominize katk\u0131 sa\u011flayacak.<\/p>\n","protected":false},"excerpt":{"rendered":"<p>Yaz\u0131 \u00e7al\u0131\u015fmalar\u0131 yaparken s\u00fcrekli kullanaca\u011f\u0131n\u0131z, silinebilir \u00f6zelli\u011fe sahip olan defter, yaz\u0131y\u0131 \u00f6\u011frenene kadar size \u00e7ok yard\u0131mc\u0131 olacak ve b\u00f6ylece ka\u011f\u0131t israf\u0131nn \u00f6n\u00fcne ge\u00e7erek ekonominize katk\u0131 sa\u011flayacak.<\/p>\n","protected":false},"featured_media":1779,"template":"","meta":[],"product_brand":[],"product_cat":[76,141],"product_tag":[56,62,61,60],"class_list":{"0":"post-1274","1":"product","2":"type-product","3":"status-publish","4":"has-post-thumbnail","6":"product_cat-etkinlikler","7":"product_cat-okula-yardimci","8":"product_tag-1-sinif","9":"product_tag-cizgi","10":"product_tag-defter","11":"product_tag-yazi","13":"first","14":"instock","15":"shipping-taxable","16":"purchasable","17":"product-type-simple"},"_links":{"self":[{"href":"https:\/\/yuvayayinlari.com\/web\/index.php?rest_route=\/wp\/v2\/product\/1274","targetHints":{"allow":["GET"]}}],"collection":[{"href":"https:\/\/yuvayayinlari.com\/web\/index.php?rest_route=\/wp\/v2\/product"}],"about":[{"href":"https:\/\/yuvayayinlari.com\/web\/index.php?rest_route=\/wp\/v2\/types\/product"}],"wp:featuredmedia":[{"embeddable":true,"href":"https:\/\/yuvayayinlari.com\/web\/index.php?rest_route=\/wp\/v2\/media\/1779"}],"wp:attachment":[{"href":"https:\/\/yuvayayinlari.com\/web\/index.php?rest_route=%2Fwp%2Fv2%2Fmedia&parent=1274"}],"wp:term":[{"taxonomy":"product_brand","embeddable":true,"href":"https:\/\/yuvayayinlari.com\/web\/index.php?rest_route=%2Fwp%2Fv2%2Fproduct_brand&post=1274"},{"taxonomy":"product_cat","embeddable":true,"href":"https:\/\/yuvayayinlari.com\/web\/index.php?rest_route=%2Fwp%2Fv2%2Fproduct_cat&post=1274"},{"taxonomy":"product_tag","embeddable":true,"href":"https:\/\/yuvayayinlari.com\/web\/index.php?rest_route=%2Fwp%2Fv2%2Fproduct_tag&post=1274"}],"curies":[{"name":"wp","href":"https:\/\/api.w.org\/{rel}","templated":true}]}}