{"id":1271,"date":"2021-12-19T19:53:20","date_gmt":"2021-12-19T19:53:20","guid":{"rendered":"https:\/\/yuvayayinlari.com\/web\/?post_type=product&#038;p=1271"},"modified":"2026-03-26T12:02:43","modified_gmt":"2026-03-26T12:02:43","slug":"cizgiden-yaziya-calisma-defteri","status":"publish","type":"product","link":"https:\/\/yuvayayinlari.com\/web\/?product=cizgiden-yaziya-calisma-defteri","title":{"rendered":"\u00c7izgiden Yaz\u0131ya \u00c7al\u0131\u015fma Defteri 1.S\u0131n\u0131f ANET\u0130L"},"content":{"rendered":"<p>\u00c7ocu\u011funuz Noktadan \u00c7izgiye \u00e7al\u0131\u015fma defterini bitirdiyse \u00c7izgiden Yaz\u0131ya \u00e7al\u0131\u015fmalar\u0131na ba\u015flayabilir. Bu \u00e7al\u0131\u015fmalar, \u00e7ocu\u011funuza kalem tutma ve kalemi d\u00fczg\u00fcn kullanma al\u0131\u015fkanl\u0131\u011f\u0131 kazand\u0131r\u0131r. Dikkati art\u0131r\u0131r.<\/p>\n","protected":false},"excerpt":{"rendered":"<p>\u00c7ocu\u011funuz Noktadan \u00c7izgiye \u00e7al\u0131\u015fma defterini bitirdiyse \u00c7izgiden Yaz\u0131ya \u00e7al\u0131\u015fmalar\u0131na ba\u015flayabilir. Bu \u00e7al\u0131\u015fmalar, \u00e7ocu\u011funuza kalem tutma ve kalemi d\u00fczg\u00fcn kullanma al\u0131\u015fkanl\u0131\u011f\u0131 kazand\u0131r\u0131r. Dikkati art\u0131r\u0131r.<\/p>\n","protected":false},"featured_media":1795,"template":"","meta":[],"product_brand":[],"product_cat":[76,141],"product_tag":[56,58,59],"class_list":{"0":"post-1271","1":"product","2":"type-product","3":"status-publish","4":"has-post-thumbnail","6":"product_cat-etkinlikler","7":"product_cat-okula-yardimci","8":"product_tag-1-sinif","9":"product_tag-calismadefteri","10":"product_tag-cizgiden-yaziya","12":"first","13":"instock","14":"shipping-taxable","15":"purchasable","16":"product-type-simple"},"_links":{"self":[{"href":"https:\/\/yuvayayinlari.com\/web\/index.php?rest_route=\/wp\/v2\/product\/1271","targetHints":{"allow":["GET"]}}],"collection":[{"href":"https:\/\/yuvayayinlari.com\/web\/index.php?rest_route=\/wp\/v2\/product"}],"about":[{"href":"https:\/\/yuvayayinlari.com\/web\/index.php?rest_route=\/wp\/v2\/types\/product"}],"wp:featuredmedia":[{"embeddable":true,"href":"https:\/\/yuvayayinlari.com\/web\/index.php?rest_route=\/wp\/v2\/media\/1795"}],"wp:attachment":[{"href":"https:\/\/yuvayayinlari.com\/web\/index.php?rest_route=%2Fwp%2Fv2%2Fmedia&parent=1271"}],"wp:term":[{"taxonomy":"product_brand","embeddable":true,"href":"https:\/\/yuvayayinlari.com\/web\/index.php?rest_route=%2Fwp%2Fv2%2Fproduct_brand&post=1271"},{"taxonomy":"product_cat","embeddable":true,"href":"https:\/\/yuvayayinlari.com\/web\/index.php?rest_route=%2Fwp%2Fv2%2Fproduct_cat&post=1271"},{"taxonomy":"product_tag","embeddable":true,"href":"https:\/\/yuvayayinlari.com\/web\/index.php?rest_route=%2Fwp%2Fv2%2Fproduct_tag&post=1271"}],"curies":[{"name":"wp","href":"https:\/\/api.w.org\/{rel}","templated":true}]}}