{"id":1265,"date":"2021-12-17T19:12:28","date_gmt":"2021-12-17T19:12:28","guid":{"rendered":"https:\/\/yuvayayinlari.com\/web\/?post_type=product&#038;p=1265"},"modified":"2026-03-26T12:02:43","modified_gmt":"2026-03-26T12:02:43","slug":"noktadan-cizgiye-calisma-defteri","status":"publish","type":"product","link":"https:\/\/yuvayayinlari.com\/web\/?product=noktadan-cizgiye-calisma-defteri","title":{"rendered":"Noktadan \u00c7izgiye \u00c7al\u0131\u015fma Defteri"},"content":{"rendered":"<p>\u00c7izgi \u00e7al\u0131\u015fmalar\u0131 hem okul \u00f6ncesi d\u00f6nemde hem de okul d\u00f6neminin ba\u015flang\u0131\u00e7 evrelerinde \u00e7ocu\u011funuza yard\u0131mc\u0131 olacak \u00e7al\u0131\u015fmalard\u0131r. \u00c7izgi \u00e7al\u0131\u015fmalar\u0131, \u00e7ocu\u011funuza kalem tutma ve kalemi d\u00fczg\u00fcn kullanma al\u0131\u015fkanl\u0131\u011f\u0131 kazand\u0131r\u0131r. Dikkati art\u0131r\u0131r.<\/p>\n","protected":false},"excerpt":{"rendered":"<p>\u00c7izgi \u00e7al\u0131\u015fmalar\u0131 hem okul \u00f6ncesi d\u00f6nemde hem de okul d\u00f6neminin ba\u015flang\u0131\u00e7 evrelerinde \u00e7ocu\u011funuza yard\u0131mc\u0131 olacak \u00e7al\u0131\u015fmalard\u0131r. \u00c7izgi \u00e7al\u0131\u015fmalar\u0131, \u00e7ocu\u011funuza kalem tutma ve kalemi d\u00fczg\u00fcn kullanma al\u0131\u015fkanl\u0131\u011f\u0131 kazand\u0131r\u0131r. Dikkati art\u0131r\u0131r.<\/p>\n","protected":false},"featured_media":1559,"template":"","meta":[],"product_brand":[],"product_cat":[141],"product_tag":[56,58,57],"class_list":{"0":"post-1265","1":"product","2":"type-product","3":"status-publish","4":"has-post-thumbnail","6":"product_cat-okula-yardimci","7":"product_tag-1-sinif","8":"product_tag-calismadefteri","9":"product_tag-noktadan-cizgiye","11":"first","12":"instock","13":"shipping-taxable","14":"purchasable","15":"product-type-simple"},"_links":{"self":[{"href":"https:\/\/yuvayayinlari.com\/web\/index.php?rest_route=\/wp\/v2\/product\/1265","targetHints":{"allow":["GET"]}}],"collection":[{"href":"https:\/\/yuvayayinlari.com\/web\/index.php?rest_route=\/wp\/v2\/product"}],"about":[{"href":"https:\/\/yuvayayinlari.com\/web\/index.php?rest_route=\/wp\/v2\/types\/product"}],"wp:featuredmedia":[{"embeddable":true,"href":"https:\/\/yuvayayinlari.com\/web\/index.php?rest_route=\/wp\/v2\/media\/1559"}],"wp:attachment":[{"href":"https:\/\/yuvayayinlari.com\/web\/index.php?rest_route=%2Fwp%2Fv2%2Fmedia&parent=1265"}],"wp:term":[{"taxonomy":"product_brand","embeddable":true,"href":"https:\/\/yuvayayinlari.com\/web\/index.php?rest_route=%2Fwp%2Fv2%2Fproduct_brand&post=1265"},{"taxonomy":"product_cat","embeddable":true,"href":"https:\/\/yuvayayinlari.com\/web\/index.php?rest_route=%2Fwp%2Fv2%2Fproduct_cat&post=1265"},{"taxonomy":"product_tag","embeddable":true,"href":"https:\/\/yuvayayinlari.com\/web\/index.php?rest_route=%2Fwp%2Fv2%2Fproduct_tag&post=1265"}],"curies":[{"name":"wp","href":"https:\/\/api.w.org\/{rel}","templated":true}]}}